{"id":221,"date":"2021-05-10T13:53:00","date_gmt":"2021-05-10T11:53:00","guid":{"rendered":"https:\/\/red-ant.de\/?page_id=221"},"modified":"2021-07-12T09:50:34","modified_gmt":"2021-07-12T07:50:34","slug":"haeufige-fragen","status":"publish","type":"page","link":"https:\/\/red-ant.de\/en\/haeufige-fragen\/","title":{"rendered":"Frequently asked questions"},"content":{"rendered":"\t\t<div data-elementor-type=\"wp-page\" data-elementor-id=\"221\" class=\"elementor elementor-221\" data-elementor-post-type=\"page\">\n\t\t\t\t\t\t<section class=\"elementor-section elementor-top-section elementor-element elementor-element-3672612 elementor-section-full_width elementor-section-height-min-height elementor-section-height-default elementor-section-items-middle\" data-id=\"3672612\" data-element_type=\"section\" data-e-type=\"section\" data-settings=\"{&quot;background_background&quot;:&quot;classic&quot;}\">\n\t\t\t\t\t\t<div class=\"elementor-container elementor-column-gap-default\">\n\t\t\t\t\t<div class=\"elementor-column elementor-col-100 elementor-top-column elementor-element elementor-element-e5469f7\" data-id=\"e5469f7\" data-element_type=\"column\" data-e-type=\"column\">\n\t\t\t<div class=\"elementor-widget-wrap\">\n\t\t\t\t\t\t\t<\/div>\n\t\t<\/div>\n\t\t\t\t\t<\/div>\n\t\t<\/section>\n\t\t\t\t<section class=\"elementor-section elementor-top-section elementor-element elementor-element-f14d392 elementor-section-content-middle elementor-section-boxed elementor-section-height-default elementor-section-height-default\" data-id=\"f14d392\" data-element_type=\"section\" data-e-type=\"section\" data-settings=\"{&quot;background_background&quot;:&quot;gradient&quot;}\">\n\t\t\t\t\t\t<div class=\"elementor-container elementor-column-gap-default\">\n\t\t\t\t\t<div class=\"elementor-column elementor-col-100 elementor-top-column elementor-element elementor-element-ad6709b\" data-id=\"ad6709b\" data-element_type=\"column\" data-e-type=\"column\">\n\t\t\t<div class=\"elementor-widget-wrap elementor-element-populated\">\n\t\t\t\t\t\t<div class=\"elementor-element elementor-element-3f50c8c elementor-widget elementor-widget-heading\" data-id=\"3f50c8c\" data-element_type=\"widget\" data-e-type=\"widget\" data-widget_type=\"heading.default\">\n\t\t\t\t<div class=\"elementor-widget-container\">\n\t\t\t\t\t<h1 class=\"elementor-heading-title elementor-size-default\">Fragen? Wir antworten!<\/h1>\t\t\t\t<\/div>\n\t\t\t\t<\/div>\n\t\t\t\t<div class=\"elementor-element elementor-element-1f3bf51 elementor-widget elementor-widget-text-editor\" data-id=\"1f3bf51\" data-element_type=\"widget\" data-e-type=\"widget\" data-widget_type=\"text-editor.default\">\n\t\t\t\t<div class=\"elementor-widget-container\">\n\t\t\t\t\t\t\t\t\t<p>Nicht das Richtige dabei? Wir freuen uns auf Ihre Nachricht!<\/p>\t\t\t\t\t\t\t\t<\/div>\n\t\t\t\t<\/div>\n\t\t\t\t<div class=\"elementor-element elementor-element-cde6b41 elementor-align-center elementor-widget elementor-widget-button\" data-id=\"cde6b41\" data-element_type=\"widget\" data-e-type=\"widget\" data-widget_type=\"button.default\">\n\t\t\t\t<div class=\"elementor-widget-container\">\n\t\t\t\t\t\t\t\t\t<div class=\"elementor-button-wrapper\">\n\t\t\t\t\t<a class=\"elementor-button elementor-button-link elementor-size-md\" href=\"https:\/\/red-ant.de\/kontakt\/\">\n\t\t\t\t\t\t<span class=\"elementor-button-content-wrapper\">\n\t\t\t\t\t\t\t\t\t<span class=\"elementor-button-text\">Zum Kontakt<\/span>\n\t\t\t\t\t<\/span>\n\t\t\t\t\t<\/a>\n\t\t\t\t<\/div>\n\t\t\t\t\t\t\t\t<\/div>\n\t\t\t\t<\/div>\n\t\t\t\t\t<\/div>\n\t\t<\/div>\n\t\t\t\t\t<\/div>\n\t\t<\/section>\n\t\t\t\t<section class=\"elementor-section elementor-top-section elementor-element elementor-element-fe2067d elementor-section-boxed elementor-section-height-default elementor-section-height-default\" data-id=\"fe2067d\" data-element_type=\"section\" data-e-type=\"section\" data-settings=\"{&quot;background_background&quot;:&quot;gradient&quot;}\">\n\t\t\t\t\t\t<div class=\"elementor-container elementor-column-gap-default\">\n\t\t\t\t\t<div class=\"elementor-column elementor-col-50 elementor-top-column elementor-element elementor-element-4fe07af\" data-id=\"4fe07af\" data-element_type=\"column\" data-e-type=\"column\">\n\t\t\t<div class=\"elementor-widget-wrap elementor-element-populated\">\n\t\t\t\t\t\t<div class=\"elementor-element elementor-element-efbc36a elementor-widget elementor-widget-toggle\" data-id=\"efbc36a\" data-element_type=\"widget\" data-e-type=\"widget\" data-widget_type=\"toggle.default\">\n\t\t\t\t<div class=\"elementor-widget-container\">\n\t\t\t\t\t\t\t<div class=\"elementor-toggle\">\n\t\t\t\t\t\t\t<div class=\"elementor-toggle-item\">\n\t\t\t\t\t<div id=\"elementor-tab-title-2511\" class=\"elementor-tab-title\" data-tab=\"1\" role=\"button\" aria-controls=\"elementor-tab-content-2511\" aria-expanded=\"false\">\n\t\t\t\t\t\t\t\t\t\t\t\t<span class=\"elementor-toggle-icon elementor-toggle-icon-left\" aria-hidden=\"true\">\n\t\t\t\t\t\t\t\t\t\t\t\t\t\t\t<span class=\"elementor-toggle-icon-closed\"><i class=\"fas fa-caret-right\"><\/i><\/span>\n\t\t\t\t\t\t\t\t<span class=\"elementor-toggle-icon-opened\"><i class=\"elementor-toggle-icon-opened fas fa-caret-up\"><\/i><\/span>\n\t\t\t\t\t\t\t\t\t\t\t\t\t<\/span>\n\t\t\t\t\t\t\t\t\t\t\t\t<a class=\"elementor-toggle-title\" tabindex=\"0\">Garantie<\/a>\n\t\t\t\t\t<\/div>\n\n\t\t\t\t\t<div id=\"elementor-tab-content-2511\" class=\"elementor-tab-content elementor-clearfix\" data-tab=\"1\" role=\"region\" aria-labelledby=\"elementor-tab-title-2511\"><p>Nat\u00fcrlich erhalten Sie kostenfreien Service oder ein Neuger\u00e4t als Ersatz, sollte innerhalb der ersten zwei Jahre ab Kauf ein Problem bei unseren Messger\u00e4ten auftreten.<\/p><\/div>\n\t\t\t\t<\/div>\n\t\t\t\t\t\t\t<div class=\"elementor-toggle-item\">\n\t\t\t\t\t<div id=\"elementor-tab-title-2512\" class=\"elementor-tab-title\" data-tab=\"2\" role=\"button\" aria-controls=\"elementor-tab-content-2512\" aria-expanded=\"false\">\n\t\t\t\t\t\t\t\t\t\t\t\t<span class=\"elementor-toggle-icon elementor-toggle-icon-left\" aria-hidden=\"true\">\n\t\t\t\t\t\t\t\t\t\t\t\t\t\t\t<span class=\"elementor-toggle-icon-closed\"><i class=\"fas fa-caret-right\"><\/i><\/span>\n\t\t\t\t\t\t\t\t<span class=\"elementor-toggle-icon-opened\"><i class=\"elementor-toggle-icon-opened fas fa-caret-up\"><\/i><\/span>\n\t\t\t\t\t\t\t\t\t\t\t\t\t<\/span>\n\t\t\t\t\t\t\t\t\t\t\t\t<a class=\"elementor-toggle-title\" tabindex=\"0\">Installation und Support<\/a>\n\t\t\t\t\t<\/div>\n\n\t\t\t\t\t<div id=\"elementor-tab-content-2512\" class=\"elementor-tab-content elementor-clearfix\" data-tab=\"2\" role=\"region\" aria-labelledby=\"elementor-tab-title-2512\"><p>Die Installation eines neu erworbenen red-ant Systems f\u00fchren wir f\u00fcr Sie vor Ort durch. Nach dem Anschluss des Messsystems an Ihr Pr\u00fcffeld sowie der ersten erfolgreichen Messungen, stehen wir Ihnen anschlie\u00dfend f\u00fcr jegliche Supportanfragen zur Verf\u00fcgung. Gem\u00e4\u00df Supportvertrag sind unsere Experten f\u00fcr Sie pers\u00f6nlich zu den vereinbarten Zeiten erreichbar und helfen umgehend bei jedwedem Problem. Falls notwendig\u00a0 kommen wir daf\u00fcr auch pers\u00f6nlich bei Ihnen vorbei.<\/p><\/div>\n\t\t\t\t<\/div>\n\t\t\t\t\t\t\t<div class=\"elementor-toggle-item\">\n\t\t\t\t\t<div id=\"elementor-tab-title-2513\" class=\"elementor-tab-title\" data-tab=\"3\" role=\"button\" aria-controls=\"elementor-tab-content-2513\" aria-expanded=\"false\">\n\t\t\t\t\t\t\t\t\t\t\t\t<span class=\"elementor-toggle-icon elementor-toggle-icon-left\" aria-hidden=\"true\">\n\t\t\t\t\t\t\t\t\t\t\t\t\t\t\t<span class=\"elementor-toggle-icon-closed\"><i class=\"fas fa-caret-right\"><\/i><\/span>\n\t\t\t\t\t\t\t\t<span class=\"elementor-toggle-icon-opened\"><i class=\"elementor-toggle-icon-opened fas fa-caret-up\"><\/i><\/span>\n\t\t\t\t\t\t\t\t\t\t\t\t\t<\/span>\n\t\t\t\t\t\t\t\t\t\t\t\t<a class=\"elementor-toggle-title\" tabindex=\"0\">Schulungen<\/a>\n\t\t\t\t\t<\/div>\n\n\t\t\t\t\t<div id=\"elementor-tab-content-2513\" class=\"elementor-tab-content elementor-clearfix\" data-tab=\"3\" role=\"region\" aria-labelledby=\"elementor-tab-title-2513\"><p>Ihre Mitarbeiter:innen lernen in einer Schulung alles Wissenswerte \u00fcber unsere Messsysteme, sodass diese optimal zum Einsatz kommen k\u00f6nnen.\u00a0<\/p><p>Beispielinhalte f\u00fcr MIG16 AQS &#8211; Systeme:<\/p><ul><li>K\u00f6rperschallanalyse zur Erkennung von Montagefehlern &#8211; Leitfrage: Wie entsteht die Diagnose i.O. \/ n.i.O.?<\/li><li>\u00dcberblick und Grundverst\u00e4ndnis Gesamtsystem \u2013 Zielsetzung: Zuh\u00f6rer:innen sollen die komplette Systeml\u00f6sung MIG16 AQS im Zusammenhang kennen, verstehen und Standardaufgaben erledigen k\u00f6nnen<\/li><li>Basic-Training: Reporting &#8211; Leitfragen: Welche Berichte gibt es? Wie erstelle ich einen Bericht?<\/li><li>Experten-Training: Datenauswertung &#8211; Leitfrage: Welche M\u00f6glichkeiten der Datenauswertung bestehen?<\/li><li>Expert:innen-Schulung: Parametrierung von MIG16 AQS &#8211; Zielsetzung: Bef\u00e4higung zur korrekten Parametrierung von MIG16 AQS<\/li><li>Wartung &amp; Troubleshooting &#8211; Zielsetzung: Bef\u00e4higung zur technischen Betreuung des MIG16 AQS \u2013 Messsystems<\/li><\/ul><\/div>\n\t\t\t\t<\/div>\n\t\t\t\t\t\t\t\t\t\t<script type=\"application\/ld+json\">{\"@context\":\"https:\\\/\\\/schema.org\",\"@type\":\"FAQPage\",\"mainEntity\":[{\"@type\":\"Question\",\"name\":\"Garantie\",\"acceptedAnswer\":{\"@type\":\"Answer\",\"text\":\"<p>Nat\\u00fcrlich erhalten Sie kostenfreien Service oder ein Neuger\\u00e4t als Ersatz, sollte innerhalb der ersten zwei Jahre ab Kauf ein Problem bei unseren Messger\\u00e4ten auftreten.<\\\/p>\"}},{\"@type\":\"Question\",\"name\":\"Installation und Support\",\"acceptedAnswer\":{\"@type\":\"Answer\",\"text\":\"<p>Die Installation eines neu erworbenen red-ant Systems f\\u00fchren wir f\\u00fcr Sie vor Ort durch. Nach dem Anschluss des Messsystems an Ihr Pr\\u00fcffeld sowie der ersten erfolgreichen Messungen, stehen wir Ihnen anschlie\\u00dfend f\\u00fcr jegliche Supportanfragen zur Verf\\u00fcgung. Gem\\u00e4\\u00df Supportvertrag sind unsere Experten f\\u00fcr Sie pers\\u00f6nlich zu den vereinbarten Zeiten erreichbar und helfen umgehend bei jedwedem Problem. Falls notwendig\\u00a0 kommen wir daf\\u00fcr auch pers\\u00f6nlich bei Ihnen vorbei.<\\\/p>\"}},{\"@type\":\"Question\",\"name\":\"Schulungen\",\"acceptedAnswer\":{\"@type\":\"Answer\",\"text\":\"<p>Ihre Mitarbeiter:innen lernen in einer Schulung alles Wissenswerte \\u00fcber unsere Messsysteme, sodass diese optimal zum Einsatz kommen k\\u00f6nnen.\\u00a0<\\\/p><p>Beispielinhalte f\\u00fcr MIG16 AQS &#8211; Systeme:<\\\/p><ul><li>K\\u00f6rperschallanalyse zur Erkennung von Montagefehlern &#8211; Leitfrage: Wie entsteht die Diagnose i.O. \\\/ n.i.O.?<\\\/li><li>\\u00dcberblick und Grundverst\\u00e4ndnis Gesamtsystem \\u2013 Zielsetzung: Zuh\\u00f6rer:innen sollen die komplette Systeml\\u00f6sung MIG16 AQS im Zusammenhang kennen, verstehen und Standardaufgaben erledigen k\\u00f6nnen<\\\/li><li>Basic-Training: Reporting &#8211; Leitfragen: Welche Berichte gibt es? Wie erstelle ich einen Bericht?<\\\/li><li>Experten-Training: Datenauswertung &#8211; Leitfrage: Welche M\\u00f6glichkeiten der Datenauswertung bestehen?<\\\/li><li>Expert:innen-Schulung: Parametrierung von MIG16 AQS &#8211; Zielsetzung: Bef\\u00e4higung zur korrekten Parametrierung von MIG16 AQS<\\\/li><li>Wartung &amp; Troubleshooting &#8211; Zielsetzung: Bef\\u00e4higung zur technischen Betreuung des MIG16 AQS \\u2013 Messsystems<\\\/li><\\\/ul>\"}}]}<\/script>\n\t\t\t\t\t<\/div>\n\t\t\t\t\t\t<\/div>\n\t\t\t\t<\/div>\n\t\t\t\t\t<\/div>\n\t\t<\/div>\n\t\t\t\t<div class=\"elementor-column elementor-col-50 elementor-top-column elementor-element elementor-element-7925579\" data-id=\"7925579\" data-element_type=\"column\" data-e-type=\"column\">\n\t\t\t<div class=\"elementor-widget-wrap elementor-element-populated\">\n\t\t\t\t\t\t<div class=\"elementor-element elementor-element-383a913 elementor-widget elementor-widget-toggle\" data-id=\"383a913\" data-element_type=\"widget\" data-e-type=\"widget\" data-widget_type=\"toggle.default\">\n\t\t\t\t<div class=\"elementor-widget-container\">\n\t\t\t\t\t\t\t<div class=\"elementor-toggle\">\n\t\t\t\t\t\t\t<div class=\"elementor-toggle-item\">\n\t\t\t\t\t<div id=\"elementor-tab-title-5891\" class=\"elementor-tab-title\" data-tab=\"1\" role=\"button\" aria-controls=\"elementor-tab-content-5891\" aria-expanded=\"false\">\n\t\t\t\t\t\t\t\t\t\t\t\t<span class=\"elementor-toggle-icon elementor-toggle-icon-left\" aria-hidden=\"true\">\n\t\t\t\t\t\t\t\t\t\t\t\t\t\t\t<span class=\"elementor-toggle-icon-closed\"><i class=\"fas fa-caret-right\"><\/i><\/span>\n\t\t\t\t\t\t\t\t<span class=\"elementor-toggle-icon-opened\"><i class=\"elementor-toggle-icon-opened fas fa-caret-up\"><\/i><\/span>\n\t\t\t\t\t\t\t\t\t\t\t\t\t<\/span>\n\t\t\t\t\t\t\t\t\t\t\t\t<a class=\"elementor-toggle-title\" tabindex=\"0\">Projektbetreuung<\/a>\n\t\t\t\t\t<\/div>\n\n\t\t\t\t\t<div id=\"elementor-tab-content-5891\" class=\"elementor-tab-content elementor-clearfix\" data-tab=\"1\" role=\"region\" aria-labelledby=\"elementor-tab-title-5891\"><p>Gerne unterst\u00fctzen wir Sie bei Ihren Projekten, bringen unsere Erfahrungswerte mit ein und nehmen die Installation vor Ort vor.<\/p><\/div>\n\t\t\t\t<\/div>\n\t\t\t\t\t\t\t<div class=\"elementor-toggle-item\">\n\t\t\t\t\t<div id=\"elementor-tab-title-5892\" class=\"elementor-tab-title\" data-tab=\"2\" role=\"button\" aria-controls=\"elementor-tab-content-5892\" aria-expanded=\"false\">\n\t\t\t\t\t\t\t\t\t\t\t\t<span class=\"elementor-toggle-icon elementor-toggle-icon-left\" aria-hidden=\"true\">\n\t\t\t\t\t\t\t\t\t\t\t\t\t\t\t<span class=\"elementor-toggle-icon-closed\"><i class=\"fas fa-caret-right\"><\/i><\/span>\n\t\t\t\t\t\t\t\t<span class=\"elementor-toggle-icon-opened\"><i class=\"elementor-toggle-icon-opened fas fa-caret-up\"><\/i><\/span>\n\t\t\t\t\t\t\t\t\t\t\t\t\t<\/span>\n\t\t\t\t\t\t\t\t\t\t\t\t<a class=\"elementor-toggle-title\" tabindex=\"0\">Testl\u00e4ufe vor Ort<\/a>\n\t\t\t\t\t<\/div>\n\n\t\t\t\t\t<div id=\"elementor-tab-content-5892\" class=\"elementor-tab-content elementor-clearfix\" data-tab=\"2\" role=\"region\" aria-labelledby=\"elementor-tab-title-5892\"><p>Sollten Sie nur ein kleineres Projekt zu betreuen haben, stellen wir Ihnen gerne unsere Systeme f\u00fcr einen Testlauf vor Ort zur Verf\u00fcgung. So kann zun\u00e4chst ermittelt werden, ob der Einsatz unserer Systeme f\u00fcr Sie in Frage kommt, bevor eine Investition get\u00e4tigt wird.<\/p><\/div>\n\t\t\t\t<\/div>\n\t\t\t\t\t\t\t<div class=\"elementor-toggle-item\">\n\t\t\t\t\t<div id=\"elementor-tab-title-5893\" class=\"elementor-tab-title\" data-tab=\"3\" role=\"button\" aria-controls=\"elementor-tab-content-5893\" aria-expanded=\"false\">\n\t\t\t\t\t\t\t\t\t\t\t\t<span class=\"elementor-toggle-icon elementor-toggle-icon-left\" aria-hidden=\"true\">\n\t\t\t\t\t\t\t\t\t\t\t\t\t\t\t<span class=\"elementor-toggle-icon-closed\"><i class=\"fas fa-caret-right\"><\/i><\/span>\n\t\t\t\t\t\t\t\t<span class=\"elementor-toggle-icon-opened\"><i class=\"elementor-toggle-icon-opened fas fa-caret-up\"><\/i><\/span>\n\t\t\t\t\t\t\t\t\t\t\t\t\t<\/span>\n\t\t\t\t\t\t\t\t\t\t\t\t<a class=\"elementor-toggle-title\" tabindex=\"0\">Kundenn\u00e4he<\/a>\n\t\t\t\t\t<\/div>\n\n\t\t\t\t\t<div id=\"elementor-tab-content-5893\" class=\"elementor-tab-content elementor-clearfix\" data-tab=\"3\" role=\"region\" aria-labelledby=\"elementor-tab-title-5893\"><p>Als Unternehmen, das Service im Namen tr\u00e4gt, ist uns eine direkte und auch geografische Kund:innenn\u00e4he sehr wichtig. Dank unseres umfangreichen Vertriebsnetzes sind wir an allen wichtigen Automobilstandorten mit kompetenten Ansprechpartner:innen vertreten. Dadurch k\u00f6nnen wir eine schnelle Kontaktaufnahme, kurze Wege und auch kulturelles Verst\u00e4ndnis am jeweiligen Zielmarkt gew\u00e4hrleisten. Auf der Startseite finden Sie eine \u00dcbersicht unserer Vertriebsb\u00fcros.<\/p><\/div>\n\t\t\t\t<\/div>\n\t\t\t\t\t\t\t\t<\/div>\n\t\t\t\t\t\t<\/div>\n\t\t\t\t<\/div>\n\t\t\t\t\t<\/div>\n\t\t<\/div>\n\t\t\t\t\t<\/div>\n\t\t<\/section>\n\t\t\t\t<\/div>\n\t\t","protected":false},"excerpt":{"rendered":"<p>Fragen? Wir antworten! Nicht das Richtige dabei? Wir freuen uns auf Ihre Nachricht! Zum Kontakt Garantie Nat\u00fcrlich erhalten Sie kostenfreien Service oder ein Neuger\u00e4t als Ersatz, sollte innerhalb der ersten zwei Jahre ab Kauf ein Problem bei unseren Messger\u00e4ten auftreten. Installation und Support Die Installation eines neu erworbenen red-ant Systems f\u00fchren wir f\u00fcr Sie vor [&hellip;]<\/p>\n","protected":false},"author":1,"featured_media":0,"parent":0,"menu_order":0,"comment_status":"closed","ping_status":"closed","template":"elementor_header_footer","meta":{"footnotes":""},"class_list":["post-221","page","type-page","status-publish","hentry"],"yoast_head":"<!-- This site is optimized with the Yoast SEO plugin v27.3 - https:\/\/yoast.com\/product\/yoast-seo-wordpress\/ -->\n<title>H\u00e4ufige Fragen - red-ant<\/title>\n<meta name=\"description\" content=\"Sie m\u00f6chten wissen, wie Ihr Prototyp auf dem Pr\u00fcfstand \u00fcberlebt? Hier finden Sie Antworten. Ihre Frage ist nicht dabei? Rufen Sie uns an.\" \/>\n<meta name=\"robots\" content=\"index, follow, max-snippet:-1, max-image-preview:large, max-video-preview:-1\" \/>\n<link rel=\"canonical\" href=\"https:\/\/red-ant.de\/en\/haeufige-fragen\/\" \/>\n<meta property=\"og:locale\" content=\"en_US\" \/>\n<meta property=\"og:type\" content=\"article\" \/>\n<meta property=\"og:title\" content=\"H\u00e4ufige Fragen - red-ant\" \/>\n<meta property=\"og:description\" content=\"Sie m\u00f6chten wissen, wie Ihr Prototyp auf dem Pr\u00fcfstand \u00fcberlebt? Hier finden Sie Antworten. Ihre Frage ist nicht dabei? Rufen Sie uns an.\" \/>\n<meta property=\"og:url\" content=\"https:\/\/red-ant.de\/en\/haeufige-fragen\/\" \/>\n<meta property=\"og:site_name\" content=\"red-ant\" \/>\n<meta property=\"article:modified_time\" content=\"2021-07-12T07:50:34+00:00\" \/>\n<meta name=\"twitter:card\" content=\"summary_large_image\" \/>\n<meta name=\"twitter:label1\" content=\"Est. reading time\" \/>\n\t<meta name=\"twitter:data1\" content=\"3 minutes\" \/>\n<script type=\"application\/ld+json\" class=\"yoast-schema-graph\">{\"@context\":\"https:\\\/\\\/schema.org\",\"@graph\":[{\"@type\":\"WebPage\",\"@id\":\"https:\\\/\\\/red-ant.de\\\/haeufige-fragen\\\/\",\"url\":\"https:\\\/\\\/red-ant.de\\\/haeufige-fragen\\\/\",\"name\":\"H\u00e4ufige Fragen - red-ant\",\"isPartOf\":{\"@id\":\"https:\\\/\\\/red-ant.de\\\/#website\"},\"datePublished\":\"2021-05-10T11:53:00+00:00\",\"dateModified\":\"2021-07-12T07:50:34+00:00\",\"description\":\"Sie m\u00f6chten wissen, wie Ihr Prototyp auf dem Pr\u00fcfstand \u00fcberlebt? Hier finden Sie Antworten. Ihre Frage ist nicht dabei? Rufen Sie uns an.\",\"breadcrumb\":{\"@id\":\"https:\\\/\\\/red-ant.de\\\/haeufige-fragen\\\/#breadcrumb\"},\"inLanguage\":\"en-US\",\"potentialAction\":[{\"@type\":\"ReadAction\",\"target\":[\"https:\\\/\\\/red-ant.de\\\/haeufige-fragen\\\/\"]}]},{\"@type\":\"BreadcrumbList\",\"@id\":\"https:\\\/\\\/red-ant.de\\\/haeufige-fragen\\\/#breadcrumb\",\"itemListElement\":[{\"@type\":\"ListItem\",\"position\":1,\"name\":\"Startseite\",\"item\":\"https:\\\/\\\/red-ant.de\\\/\"},{\"@type\":\"ListItem\",\"position\":2,\"name\":\"H\u00e4ufige Fragen\"}]},{\"@type\":\"WebSite\",\"@id\":\"https:\\\/\\\/red-ant.de\\\/#website\",\"url\":\"https:\\\/\\\/red-ant.de\\\/\",\"name\":\"red-ant\",\"description\":\"Measurement Technologies and Services\",\"publisher\":{\"@id\":\"https:\\\/\\\/red-ant.de\\\/#organization\"},\"potentialAction\":[{\"@type\":\"SearchAction\",\"target\":{\"@type\":\"EntryPoint\",\"urlTemplate\":\"https:\\\/\\\/red-ant.de\\\/?s={search_term_string}\"},\"query-input\":{\"@type\":\"PropertyValueSpecification\",\"valueRequired\":true,\"valueName\":\"search_term_string\"}}],\"inLanguage\":\"en-US\"},{\"@type\":\"Organization\",\"@id\":\"https:\\\/\\\/red-ant.de\\\/#organization\",\"name\":\"red-ant\",\"url\":\"https:\\\/\\\/red-ant.de\\\/\",\"logo\":{\"@type\":\"ImageObject\",\"inLanguage\":\"en-US\",\"@id\":\"https:\\\/\\\/red-ant.de\\\/#\\\/schema\\\/logo\\\/image\\\/\",\"url\":\"https:\\\/\\\/red-ant.de\\\/wp-content\\\/uploads\\\/2021\\\/04\\\/cropped-Logo-weiss.png\",\"contentUrl\":\"https:\\\/\\\/red-ant.de\\\/wp-content\\\/uploads\\\/2021\\\/04\\\/cropped-Logo-weiss.png\",\"width\":1172,\"height\":254,\"caption\":\"red-ant\"},\"image\":{\"@id\":\"https:\\\/\\\/red-ant.de\\\/#\\\/schema\\\/logo\\\/image\\\/\"}}]}<\/script>\n<!-- \/ Yoast SEO plugin. -->","yoast_head_json":{"title":"H\u00e4ufige Fragen - red-ant","description":"Sie m\u00f6chten wissen, wie Ihr Prototyp auf dem Pr\u00fcfstand \u00fcberlebt? Hier finden Sie Antworten. Ihre Frage ist nicht dabei? Rufen Sie uns an.","robots":{"index":"index","follow":"follow","max-snippet":"max-snippet:-1","max-image-preview":"max-image-preview:large","max-video-preview":"max-video-preview:-1"},"canonical":"https:\/\/red-ant.de\/en\/haeufige-fragen\/","og_locale":"en_US","og_type":"article","og_title":"H\u00e4ufige Fragen - red-ant","og_description":"Sie m\u00f6chten wissen, wie Ihr Prototyp auf dem Pr\u00fcfstand \u00fcberlebt? Hier finden Sie Antworten. Ihre Frage ist nicht dabei? Rufen Sie uns an.","og_url":"https:\/\/red-ant.de\/en\/haeufige-fragen\/","og_site_name":"red-ant","article_modified_time":"2021-07-12T07:50:34+00:00","twitter_card":"summary_large_image","twitter_misc":{"Est. reading time":"3 minutes"},"schema":{"@context":"https:\/\/schema.org","@graph":[{"@type":"WebPage","@id":"https:\/\/red-ant.de\/haeufige-fragen\/","url":"https:\/\/red-ant.de\/haeufige-fragen\/","name":"H\u00e4ufige Fragen - red-ant","isPartOf":{"@id":"https:\/\/red-ant.de\/#website"},"datePublished":"2021-05-10T11:53:00+00:00","dateModified":"2021-07-12T07:50:34+00:00","description":"Sie m\u00f6chten wissen, wie Ihr Prototyp auf dem Pr\u00fcfstand \u00fcberlebt? Hier finden Sie Antworten. Ihre Frage ist nicht dabei? Rufen Sie uns an.","breadcrumb":{"@id":"https:\/\/red-ant.de\/haeufige-fragen\/#breadcrumb"},"inLanguage":"en-US","potentialAction":[{"@type":"ReadAction","target":["https:\/\/red-ant.de\/haeufige-fragen\/"]}]},{"@type":"BreadcrumbList","@id":"https:\/\/red-ant.de\/haeufige-fragen\/#breadcrumb","itemListElement":[{"@type":"ListItem","position":1,"name":"Startseite","item":"https:\/\/red-ant.de\/"},{"@type":"ListItem","position":2,"name":"H\u00e4ufige Fragen"}]},{"@type":"WebSite","@id":"https:\/\/red-ant.de\/#website","url":"https:\/\/red-ant.de\/","name":"red-ant","description":"Measurement Technologies and Services","publisher":{"@id":"https:\/\/red-ant.de\/#organization"},"potentialAction":[{"@type":"SearchAction","target":{"@type":"EntryPoint","urlTemplate":"https:\/\/red-ant.de\/?s={search_term_string}"},"query-input":{"@type":"PropertyValueSpecification","valueRequired":true,"valueName":"search_term_string"}}],"inLanguage":"en-US"},{"@type":"Organization","@id":"https:\/\/red-ant.de\/#organization","name":"red-ant","url":"https:\/\/red-ant.de\/","logo":{"@type":"ImageObject","inLanguage":"en-US","@id":"https:\/\/red-ant.de\/#\/schema\/logo\/image\/","url":"https:\/\/red-ant.de\/wp-content\/uploads\/2021\/04\/cropped-Logo-weiss.png","contentUrl":"https:\/\/red-ant.de\/wp-content\/uploads\/2021\/04\/cropped-Logo-weiss.png","width":1172,"height":254,"caption":"red-ant"},"image":{"@id":"https:\/\/red-ant.de\/#\/schema\/logo\/image\/"}}]}},"_links":{"self":[{"href":"https:\/\/red-ant.de\/en\/wp-json\/wp\/v2\/pages\/221","targetHints":{"allow":["GET"]}}],"collection":[{"href":"https:\/\/red-ant.de\/en\/wp-json\/wp\/v2\/pages"}],"about":[{"href":"https:\/\/red-ant.de\/en\/wp-json\/wp\/v2\/types\/page"}],"author":[{"embeddable":true,"href":"https:\/\/red-ant.de\/en\/wp-json\/wp\/v2\/users\/1"}],"replies":[{"embeddable":true,"href":"https:\/\/red-ant.de\/en\/wp-json\/wp\/v2\/comments?post=221"}],"version-history":[{"count":55,"href":"https:\/\/red-ant.de\/en\/wp-json\/wp\/v2\/pages\/221\/revisions"}],"predecessor-version":[{"id":745,"href":"https:\/\/red-ant.de\/en\/wp-json\/wp\/v2\/pages\/221\/revisions\/745"}],"wp:attachment":[{"href":"https:\/\/red-ant.de\/en\/wp-json\/wp\/v2\/media?parent=221"}],"curies":[{"name":"wp","href":"https:\/\/api.w.org\/{rel}","templated":true}]}}