{"id":228,"date":"2021-05-10T14:01:28","date_gmt":"2021-05-10T12:01:28","guid":{"rendered":"https:\/\/red-ant.de\/?page_id=228"},"modified":"2024-10-01T10:48:58","modified_gmt":"2024-10-01T08:48:58","slug":"impressum","status":"publish","type":"page","link":"https:\/\/red-ant.de\/en\/impressum\/","title":{"rendered":"Imprint"},"content":{"rendered":"<div data-elementor-type=\"wp-page\" data-elementor-id=\"228\" class=\"elementor elementor-228\" data-elementor-post-type=\"page\">\n\t\t\t\t\t\t<section class=\"elementor-section elementor-top-section elementor-element elementor-element-88b1633 elementor-section-boxed elementor-section-height-default elementor-section-height-default\" data-id=\"88b1633\" data-element_type=\"section\" data-e-type=\"section\" data-settings=\"{&quot;background_background&quot;:&quot;classic&quot;}\">\n\t\t\t\t\t\t<div class=\"elementor-container elementor-column-gap-default\">\n\t\t\t\t\t<div class=\"elementor-column elementor-col-100 elementor-top-column elementor-element elementor-element-ca60096\" data-id=\"ca60096\" data-element_type=\"column\" data-e-type=\"column\">\n\t\t\t<div class=\"elementor-widget-wrap elementor-element-populated\">\n\t\t\t\t\t\t<div class=\"elementor-element elementor-element-071a6db elementor-widget elementor-widget-heading\" data-id=\"071a6db\" data-element_type=\"widget\" data-e-type=\"widget\" data-widget_type=\"heading.default\">\n\t\t\t\t<div class=\"elementor-widget-container\">\n\t\t\t\t\t<h1 class=\"elementor-heading-title elementor-size-default\">Imprint<\/h1>\t\t\t\t<\/div>\n\t\t\t\t<\/div>\n\t\t\t\t<div class=\"elementor-element elementor-element-141fbca elementor-widget elementor-widget-text-editor\" data-id=\"141fbca\" data-element_type=\"widget\" data-e-type=\"widget\" data-widget_type=\"text-editor.default\">\n\t\t\t\t<div class=\"elementor-widget-container\">\n\t\t\t\t\t\t\t\t\t<p>Information according to \u00a7 5 of the German tele media act (TMG)<\/p><p>red-ant measurement technologies and services GmbH<\/p><p>Taunusstr. 51<br \/>80807 Munich<\/p><p class=\"translation-block\">Commercial Register: HRB 208445 \nRegister Court: Amtsgericht M\u00fcnchen<\/p><p>Represented by: Michael Ruthrof<\/p><p class=\"translation-block\">Contact\nTelephone: +49 (0) 89 3065899 0 \nFax: +49 (0) 89 3065899 99 \nE-Mail: info@red-ant.de<\/p><p class=\"translation-block\">VAT No.\nValue added tax identification number according to \u00a7 27 a of the German value added tax act (UStG): DE 2925 382 76<\/p><p><strong>Haftung f\u00fcr Inhalte<br \/><\/strong>Als Diensteanbieter:in sind wir f\u00fcr eigene Inhalte auf diesen Seiten nach den allgemeinen Gesetzen verantwortlich. Wir sind als Diensteanbieter:in jedoch nicht verpflichtet, \u00fcbermittelte oder gespeicherte fremde Informationen zu \u00fcberwachen oder nach Umst\u00e4nden zu forschen, die auf eine rechtswidrige T\u00e4tigkeit hinweisen. Verpflichtungen zur Entfernung oder Sperrung der Nutzung von Informationen nach den allgemeinen Gesetzen bleiben hiervon unber\u00fchrt. Eine diesbez\u00fcgliche Haftung ist jedoch erst ab dem Zeitpunkt der 2\/4 Kenntnis einer konkreten Rechtsverletzung m\u00f6glich. Bei Bekanntwerden von entsprechenden Rechtsverletzungen werden wir diese Inhalte umgehend entfernen.<\/p><p><strong>Urheberrecht<br \/><\/strong>Copyright\nThe contents and works created by the site operators on these pages are subject to German copyright law. Duplication, processing, distribution or any form of commercialization of such material beyond the scope of the copyright law shall require the prior written consent of its respective author or creator. Downloads and copies of this site are only permitted for private, non-commercial use. Insofar as the content on this site was not created by the operator, the copyrights of third parties are respected. In particular, third-party content is marked as such. Should you nevertheless become aware of a copyright infringement, please inform us accordingly. If we become aware of any infringements, we will remove such content immediately.<\/p>\t\t\t\t\t\t\t\t<\/div>\n\t\t\t\t<\/div>\n\t\t\t\t\t<\/div>\n\t\t<\/div>\n\t\t\t\t\t<\/div>\n\t\t<\/section>\n\t\t\t\t<\/div>","protected":false},"excerpt":{"rendered":"<p>Impressum Angaben gem\u00e4\u00df \u00a7 5 TMG red-ant measurement technologies and services GmbH Taunusstr. 5180807 M\u00fcnchen Handelsregister: HRB 208445Registergericht: Amtsgericht M\u00fcnchen Vertreten durch: Michael Ruthrof KontaktTelefon: +49 (0) 89 3065899 0Telefax: +49 (0) 89 3065899 99E-Mail: info@red-ant.de Umsatzsteuer-IDUmsatzsteuer-Identifikationsnummer gem\u00e4\u00df \u00a7 27 a Umsatzsteuergesetz: DE 2925 382 76 Haftung f\u00fcr InhalteAls Diensteanbieter:in sind wir f\u00fcr eigene Inhalte [&hellip;]<\/p>\n","protected":false},"author":1,"featured_media":0,"parent":0,"menu_order":0,"comment_status":"closed","ping_status":"closed","template":"elementor_header_footer","meta":{"footnotes":""},"class_list":["post-228","page","type-page","status-publish","hentry"],"yoast_head":"<!-- This site is optimized with the Yoast SEO plugin v27.3 - https:\/\/yoast.com\/product\/yoast-seo-wordpress\/ -->\n<title>Impressum - red-ant<\/title>\n<meta name=\"robots\" content=\"index, follow, max-snippet:-1, max-image-preview:large, max-video-preview:-1\" \/>\n<link rel=\"canonical\" href=\"https:\/\/red-ant.de\/en\/impressum\/\" \/>\n<meta property=\"og:locale\" content=\"en_US\" \/>\n<meta property=\"og:type\" content=\"article\" \/>\n<meta property=\"og:title\" content=\"Impressum - red-ant\" \/>\n<meta property=\"og:description\" content=\"Impressum Angaben gem\u00e4\u00df \u00a7 5 TMG red-ant measurement technologies and services GmbH Taunusstr. 5180807 M\u00fcnchen Handelsregister: HRB 208445Registergericht: Amtsgericht M\u00fcnchen Vertreten durch: Michael Ruthrof KontaktTelefon: +49 (0) 89 3065899 0Telefax: +49 (0) 89 3065899 99E-Mail: info@red-ant.de Umsatzsteuer-IDUmsatzsteuer-Identifikationsnummer gem\u00e4\u00df \u00a7 27 a Umsatzsteuergesetz: DE 2925 382 76 Haftung f\u00fcr InhalteAls Diensteanbieter:in sind wir f\u00fcr eigene Inhalte [&hellip;]\" \/>\n<meta property=\"og:url\" content=\"https:\/\/red-ant.de\/en\/impressum\/\" \/>\n<meta property=\"og:site_name\" content=\"red-ant\" \/>\n<meta property=\"article:modified_time\" content=\"2024-10-01T08:48:58+00:00\" \/>\n<meta name=\"twitter:card\" content=\"summary_large_image\" \/>\n<meta name=\"twitter:label1\" content=\"Est. reading time\" \/>\n\t<meta name=\"twitter:data1\" content=\"2 minutes\" \/>\n<script type=\"application\/ld+json\" class=\"yoast-schema-graph\">{\"@context\":\"https:\\\/\\\/schema.org\",\"@graph\":[{\"@type\":\"WebPage\",\"@id\":\"https:\\\/\\\/red-ant.de\\\/impressum\\\/\",\"url\":\"https:\\\/\\\/red-ant.de\\\/impressum\\\/\",\"name\":\"Impressum - red-ant\",\"isPartOf\":{\"@id\":\"https:\\\/\\\/red-ant.de\\\/#website\"},\"datePublished\":\"2021-05-10T12:01:28+00:00\",\"dateModified\":\"2024-10-01T08:48:58+00:00\",\"breadcrumb\":{\"@id\":\"https:\\\/\\\/red-ant.de\\\/impressum\\\/#breadcrumb\"},\"inLanguage\":\"en-US\",\"potentialAction\":[{\"@type\":\"ReadAction\",\"target\":[\"https:\\\/\\\/red-ant.de\\\/impressum\\\/\"]}]},{\"@type\":\"BreadcrumbList\",\"@id\":\"https:\\\/\\\/red-ant.de\\\/impressum\\\/#breadcrumb\",\"itemListElement\":[{\"@type\":\"ListItem\",\"position\":1,\"name\":\"Startseite\",\"item\":\"https:\\\/\\\/red-ant.de\\\/\"},{\"@type\":\"ListItem\",\"position\":2,\"name\":\"Impressum\"}]},{\"@type\":\"WebSite\",\"@id\":\"https:\\\/\\\/red-ant.de\\\/#website\",\"url\":\"https:\\\/\\\/red-ant.de\\\/\",\"name\":\"red-ant\",\"description\":\"Measurement Technologies and Services\",\"publisher\":{\"@id\":\"https:\\\/\\\/red-ant.de\\\/#organization\"},\"potentialAction\":[{\"@type\":\"SearchAction\",\"target\":{\"@type\":\"EntryPoint\",\"urlTemplate\":\"https:\\\/\\\/red-ant.de\\\/?s={search_term_string}\"},\"query-input\":{\"@type\":\"PropertyValueSpecification\",\"valueRequired\":true,\"valueName\":\"search_term_string\"}}],\"inLanguage\":\"en-US\"},{\"@type\":\"Organization\",\"@id\":\"https:\\\/\\\/red-ant.de\\\/#organization\",\"name\":\"red-ant\",\"url\":\"https:\\\/\\\/red-ant.de\\\/\",\"logo\":{\"@type\":\"ImageObject\",\"inLanguage\":\"en-US\",\"@id\":\"https:\\\/\\\/red-ant.de\\\/#\\\/schema\\\/logo\\\/image\\\/\",\"url\":\"https:\\\/\\\/red-ant.de\\\/wp-content\\\/uploads\\\/2021\\\/04\\\/cropped-Logo-weiss.png\",\"contentUrl\":\"https:\\\/\\\/red-ant.de\\\/wp-content\\\/uploads\\\/2021\\\/04\\\/cropped-Logo-weiss.png\",\"width\":1172,\"height\":254,\"caption\":\"red-ant\"},\"image\":{\"@id\":\"https:\\\/\\\/red-ant.de\\\/#\\\/schema\\\/logo\\\/image\\\/\"}}]}<\/script>\n<!-- \/ Yoast SEO plugin. -->","yoast_head_json":{"title":"Impressum - red-ant","robots":{"index":"index","follow":"follow","max-snippet":"max-snippet:-1","max-image-preview":"max-image-preview:large","max-video-preview":"max-video-preview:-1"},"canonical":"https:\/\/red-ant.de\/en\/impressum\/","og_locale":"en_US","og_type":"article","og_title":"Impressum - red-ant","og_description":"Impressum Angaben gem\u00e4\u00df \u00a7 5 TMG red-ant measurement technologies and services GmbH Taunusstr. 5180807 M\u00fcnchen Handelsregister: HRB 208445Registergericht: Amtsgericht M\u00fcnchen Vertreten durch: Michael Ruthrof KontaktTelefon: +49 (0) 89 3065899 0Telefax: +49 (0) 89 3065899 99E-Mail: info@red-ant.de Umsatzsteuer-IDUmsatzsteuer-Identifikationsnummer gem\u00e4\u00df \u00a7 27 a Umsatzsteuergesetz: DE 2925 382 76 Haftung f\u00fcr InhalteAls Diensteanbieter:in sind wir f\u00fcr eigene Inhalte [&hellip;]","og_url":"https:\/\/red-ant.de\/en\/impressum\/","og_site_name":"red-ant","article_modified_time":"2024-10-01T08:48:58+00:00","twitter_card":"summary_large_image","twitter_misc":{"Est. reading time":"2 minutes"},"schema":{"@context":"https:\/\/schema.org","@graph":[{"@type":"WebPage","@id":"https:\/\/red-ant.de\/impressum\/","url":"https:\/\/red-ant.de\/impressum\/","name":"Impressum - red-ant","isPartOf":{"@id":"https:\/\/red-ant.de\/#website"},"datePublished":"2021-05-10T12:01:28+00:00","dateModified":"2024-10-01T08:48:58+00:00","breadcrumb":{"@id":"https:\/\/red-ant.de\/impressum\/#breadcrumb"},"inLanguage":"en-US","potentialAction":[{"@type":"ReadAction","target":["https:\/\/red-ant.de\/impressum\/"]}]},{"@type":"BreadcrumbList","@id":"https:\/\/red-ant.de\/impressum\/#breadcrumb","itemListElement":[{"@type":"ListItem","position":1,"name":"Startseite","item":"https:\/\/red-ant.de\/"},{"@type":"ListItem","position":2,"name":"Impressum"}]},{"@type":"WebSite","@id":"https:\/\/red-ant.de\/#website","url":"https:\/\/red-ant.de\/","name":"red-ant","description":"Measurement Technologies and Services","publisher":{"@id":"https:\/\/red-ant.de\/#organization"},"potentialAction":[{"@type":"SearchAction","target":{"@type":"EntryPoint","urlTemplate":"https:\/\/red-ant.de\/?s={search_term_string}"},"query-input":{"@type":"PropertyValueSpecification","valueRequired":true,"valueName":"search_term_string"}}],"inLanguage":"en-US"},{"@type":"Organization","@id":"https:\/\/red-ant.de\/#organization","name":"red-ant","url":"https:\/\/red-ant.de\/","logo":{"@type":"ImageObject","inLanguage":"en-US","@id":"https:\/\/red-ant.de\/#\/schema\/logo\/image\/","url":"https:\/\/red-ant.de\/wp-content\/uploads\/2021\/04\/cropped-Logo-weiss.png","contentUrl":"https:\/\/red-ant.de\/wp-content\/uploads\/2021\/04\/cropped-Logo-weiss.png","width":1172,"height":254,"caption":"red-ant"},"image":{"@id":"https:\/\/red-ant.de\/#\/schema\/logo\/image\/"}}]}},"_links":{"self":[{"href":"https:\/\/red-ant.de\/en\/wp-json\/wp\/v2\/pages\/228","targetHints":{"allow":["GET"]}}],"collection":[{"href":"https:\/\/red-ant.de\/en\/wp-json\/wp\/v2\/pages"}],"about":[{"href":"https:\/\/red-ant.de\/en\/wp-json\/wp\/v2\/types\/page"}],"author":[{"embeddable":true,"href":"https:\/\/red-ant.de\/en\/wp-json\/wp\/v2\/users\/1"}],"replies":[{"embeddable":true,"href":"https:\/\/red-ant.de\/en\/wp-json\/wp\/v2\/comments?post=228"}],"version-history":[{"count":13,"href":"https:\/\/red-ant.de\/en\/wp-json\/wp\/v2\/pages\/228\/revisions"}],"predecessor-version":[{"id":1072,"href":"https:\/\/red-ant.de\/en\/wp-json\/wp\/v2\/pages\/228\/revisions\/1072"}],"wp:attachment":[{"href":"https:\/\/red-ant.de\/en\/wp-json\/wp\/v2\/media?parent=228"}],"curies":[{"name":"wp","href":"https:\/\/api.w.org\/{rel}","templated":true}]}}