{"id":31,"date":"2021-05-03T07:43:19","date_gmt":"2021-05-03T05:43:19","guid":{"rendered":"https:\/\/red-ant.de\/?page_id=31"},"modified":"2024-05-29T13:32:31","modified_gmt":"2024-05-29T11:32:31","slug":"unternehmen","status":"publish","type":"page","link":"https:\/\/red-ant.de\/en\/unternehmen\/","title":{"rendered":"Company"},"content":{"rendered":"<div data-elementor-type=\"wp-page\" data-elementor-id=\"31\" class=\"elementor elementor-31\" data-elementor-post-type=\"page\">\n\t\t\t\t\t\t<section class=\"elementor-section elementor-top-section elementor-element elementor-element-389033a elementor-section-full_width elementor-section-height-min-height elementor-section-height-default elementor-section-items-middle\" data-id=\"389033a\" data-element_type=\"section\" data-e-type=\"section\" data-settings=\"{&quot;background_background&quot;:&quot;classic&quot;}\">\n\t\t\t\t\t\t<div class=\"elementor-container elementor-column-gap-default\">\n\t\t\t\t\t<div class=\"elementor-column elementor-col-100 elementor-top-column elementor-element elementor-element-af5bfa1\" data-id=\"af5bfa1\" data-element_type=\"column\" data-e-type=\"column\">\n\t\t\t<div class=\"elementor-widget-wrap\">\n\t\t\t\t\t\t\t<\/div>\n\t\t<\/div>\n\t\t\t\t\t<\/div>\n\t\t<\/section>\n\t\t\t\t<section class=\"elementor-section elementor-top-section elementor-element elementor-element-1dee592 elementor-section-boxed elementor-section-height-default elementor-section-height-default\" data-id=\"1dee592\" data-element_type=\"section\" data-e-type=\"section\">\n\t\t\t\t\t\t<div class=\"elementor-container elementor-column-gap-default\">\n\t\t\t\t\t<div class=\"elementor-column elementor-col-100 elementor-top-column elementor-element elementor-element-1ed1a29\" data-id=\"1ed1a29\" data-element_type=\"column\" data-e-type=\"column\">\n\t\t\t<div class=\"elementor-widget-wrap elementor-element-populated\">\n\t\t\t\t\t\t<div class=\"elementor-element elementor-element-50a16a1 elementor-widget__width-initial elementor-widget elementor-widget-heading\" data-id=\"50a16a1\" data-element_type=\"widget\" data-e-type=\"widget\" data-widget_type=\"heading.default\">\n\t\t\t\t<div class=\"elementor-widget-container\">\n\t\t\t\t\t<h2 class=\"elementor-heading-title elementor-size-default\">Read here how AI can be used on the test bench!<\/h2>\t\t\t\t<\/div>\n\t\t\t\t<\/div>\n\t\t\t\t<div class=\"elementor-element elementor-element-3f8debe elementor-align-center elementor-widget elementor-widget-button\" data-id=\"3f8debe\" data-element_type=\"widget\" data-e-type=\"widget\" data-widget_type=\"button.default\">\n\t\t\t\t<div class=\"elementor-widget-container\">\n\t\t\t\t\t\t\t\t\t<div class=\"elementor-button-wrapper\">\n\t\t\t\t\t<a class=\"elementor-button elementor-button-link elementor-size-sm\" href=\"https:\/\/red-ant.de\/wp-content\/uploads\/2024\/05\/Artikel-ZF-Tatoo-EN-PDF-Version.pdf\">\n\t\t\t\t\t\t<span class=\"elementor-button-content-wrapper\">\n\t\t\t\t\t\t\t\t\t<span class=\"elementor-button-text\">Click here<\/span>\n\t\t\t\t\t<\/span>\n\t\t\t\t\t<\/a>\n\t\t\t\t<\/div>\n\t\t\t\t\t\t\t\t<\/div>\n\t\t\t\t<\/div>\n\t\t\t\t\t<\/div>\n\t\t<\/div>\n\t\t\t\t\t<\/div>\n\t\t<\/section>\n\t\t\t\t<section class=\"elementor-section elementor-top-section elementor-element elementor-element-a06e658 elementor-section-boxed elementor-section-height-default elementor-section-height-default\" data-id=\"a06e658\" data-element_type=\"section\" data-e-type=\"section\" data-settings=\"{&quot;background_background&quot;:&quot;gradient&quot;}\">\n\t\t\t\t\t\t<div class=\"elementor-container elementor-column-gap-default\">\n\t\t\t\t\t<div class=\"elementor-column elementor-col-66 elementor-top-column elementor-element elementor-element-5578c5a\" data-id=\"5578c5a\" data-element_type=\"column\" data-e-type=\"column\">\n\t\t\t<div class=\"elementor-widget-wrap elementor-element-populated\">\n\t\t\t\t\t\t<div class=\"elementor-element elementor-element-ef03d51 elementor-widget elementor-widget-heading\" data-id=\"ef03d51\" data-element_type=\"widget\" data-e-type=\"widget\" data-widget_type=\"heading.default\">\n\t\t\t\t<div class=\"elementor-widget-container\">\n\t\t\t\t\t<h2 class=\"elementor-heading-title elementor-size-default\">-<\/h2>\t\t\t\t<\/div>\n\t\t\t\t<\/div>\n\t\t\t\t<div class=\"elementor-element elementor-element-66c0d5e elementor-widget elementor-widget-heading\" data-id=\"66c0d5e\" data-element_type=\"widget\" data-e-type=\"widget\" data-widget_type=\"heading.default\">\n\t\t\t\t<div class=\"elementor-widget-container\">\n\t\t\t\t\t<h2 class=\"elementor-heading-title elementor-size-default\">News<\/h2>\t\t\t\t<\/div>\n\t\t\t\t<\/div>\n\t\t\t\t<div class=\"elementor-element elementor-element-234b25d elementor-widget elementor-widget-heading\" data-id=\"234b25d\" data-element_type=\"widget\" data-e-type=\"widget\" data-widget_type=\"heading.default\">\n\t\t\t\t<div class=\"elementor-widget-container\">\n\t\t\t\t\t<h2 class=\"elementor-heading-title elementor-size-default\"><br>We are pleased to announce that we have received the patent for a damage detection device on a self-driving test vehicle.<br><br><\/h2>\t\t\t\t<\/div>\n\t\t\t\t<\/div>\n\t\t\t\t<div class=\"elementor-element elementor-element-564dabb elementor-widget elementor-widget-heading\" data-id=\"564dabb\" data-element_type=\"widget\" data-e-type=\"widget\" data-widget_type=\"heading.default\">\n\t\t\t\t<div class=\"elementor-widget-container\">\n\t\t\t\t\t<h2 class=\"elementor-heading-title elementor-size-default\">Learn more about the scope here:<\/h2>\t\t\t\t<\/div>\n\t\t\t\t<\/div>\n\t\t\t\t<div class=\"elementor-element elementor-element-cdc8cd3 elementor-align-center elementor-widget elementor-widget-button\" data-id=\"cdc8cd3\" data-element_type=\"widget\" data-e-type=\"widget\" data-widget_type=\"button.default\">\n\t\t\t\t<div class=\"elementor-widget-container\">\n\t\t\t\t\t\t\t\t\t<div class=\"elementor-button-wrapper\">\n\t\t\t\t\t<a class=\"elementor-button elementor-button-link elementor-size-md elementor-animation-grow\" href=\"https:\/\/red-ant.de\/wp-content\/uploads\/2023\/07\/Whitepaper_red-ant_EFD_car_chassis_v02-2.pdf\" target=\"_blank\">\n\t\t\t\t\t\t<span class=\"elementor-button-content-wrapper\">\n\t\t\t\t\t\t\t\t\t<span class=\"elementor-button-text\">Download Whitepaper<\/span>\n\t\t\t\t\t<\/span>\n\t\t\t\t\t<\/a>\n\t\t\t\t<\/div>\n\t\t\t\t\t\t\t\t<\/div>\n\t\t\t\t<\/div>\n\t\t\t\t\t<\/div>\n\t\t<\/div>\n\t\t\t\t<div class=\"elementor-column elementor-col-33 elementor-top-column elementor-element elementor-element-31be1b6\" data-id=\"31be1b6\" data-element_type=\"column\" data-e-type=\"column\">\n\t\t\t<div class=\"elementor-widget-wrap elementor-element-populated\">\n\t\t\t\t\t\t<div class=\"elementor-element elementor-element-cfd8396 elementor-widget elementor-widget-image\" data-id=\"cfd8396\" data-element_type=\"widget\" data-e-type=\"widget\" data-widget_type=\"image.default\">\n\t\t\t\t<div class=\"elementor-widget-container\">\n\t\t\t\t\t\t\t\t\t\t\t\t\t\t\t<img fetchpriority=\"high\" decoding=\"async\" width=\"723\" height=\"1024\" src=\"https:\/\/red-ant.de\/wp-content\/uploads\/2023\/07\/MicrosoftTeams-image-3-723x1024.jpg\" class=\"attachment-large size-large wp-image-875\" alt=\"\" srcset=\"https:\/\/red-ant.de\/wp-content\/uploads\/2023\/07\/MicrosoftTeams-image-3-723x1024.jpg 723w, https:\/\/red-ant.de\/wp-content\/uploads\/2023\/07\/MicrosoftTeams-image-3-212x300.jpg 212w, https:\/\/red-ant.de\/wp-content\/uploads\/2023\/07\/MicrosoftTeams-image-3-768x1087.jpg 768w, https:\/\/red-ant.de\/wp-content\/uploads\/2023\/07\/MicrosoftTeams-image-3-1085x1536.jpg 1085w, https:\/\/red-ant.de\/wp-content\/uploads\/2023\/07\/MicrosoftTeams-image-3-1447x2048.jpg 1447w, https:\/\/red-ant.de\/wp-content\/uploads\/2023\/07\/MicrosoftTeams-image-3-8x12.jpg 8w, https:\/\/red-ant.de\/wp-content\/uploads\/2023\/07\/MicrosoftTeams-image-3-scaled.jpg 1808w\" sizes=\"(max-width: 723px) 100vw, 723px\" \/>\t\t\t\t\t\t\t\t\t\t\t\t\t\t\t<\/div>\n\t\t\t\t<\/div>\n\t\t\t\t\t<\/div>\n\t\t<\/div>\n\t\t\t\t\t<\/div>\n\t\t<\/section>\n\t\t\t\t<section class=\"elementor-section elementor-top-section elementor-element elementor-element-530bbc3 elementor-section-content-middle elementor-section-boxed elementor-section-height-default elementor-section-height-default\" data-id=\"530bbc3\" data-element_type=\"section\" data-e-type=\"section\" data-settings=\"{&quot;background_background&quot;:&quot;classic&quot;}\">\n\t\t\t\t\t\t<div class=\"elementor-container elementor-column-gap-default\">\n\t\t\t\t\t<div class=\"elementor-column elementor-col-100 elementor-top-column elementor-element elementor-element-53b0467\" data-id=\"53b0467\" data-element_type=\"column\" data-e-type=\"column\">\n\t\t\t<div class=\"elementor-widget-wrap elementor-element-populated\">\n\t\t\t\t\t\t<div class=\"elementor-element elementor-element-5de092b elementor-widget elementor-widget-heading\" data-id=\"5de092b\" data-element_type=\"widget\" data-e-type=\"widget\" data-widget_type=\"heading.default\">\n\t\t\t\t<div class=\"elementor-widget-container\">\n\t\t\t\t\t<h1 class=\"elementor-heading-title elementor-size-default\">F\u00fcr jedes Problem existiert eine L\u00f6sung. Wir m\u00fcssen nur intelligent genug fragen. Wir denken das Machbare und machen das Denkbare. Wir glauben an Qualit\u00e4t. Und wir glauben, dass wir damit nicht alleine stehen.\"<\/h1>\t\t\t\t<\/div>\n\t\t\t\t<\/div>\n\t\t\t\t<div class=\"elementor-element elementor-element-53aa3dd elementor-widget-divider--view-line elementor-widget elementor-widget-divider\" data-id=\"53aa3dd\" data-element_type=\"widget\" data-e-type=\"widget\" data-widget_type=\"divider.default\">\n\t\t\t\t<div class=\"elementor-widget-container\">\n\t\t\t\t\t\t\t<div class=\"elementor-divider\">\n\t\t\t<span class=\"elementor-divider-separator\">\n\t\t\t\t\t\t<\/span>\n\t\t<\/div>\n\t\t\t\t\t\t<\/div>\n\t\t\t\t<\/div>\n\t\t\t\t<div class=\"elementor-element elementor-element-4b40568 elementor-widget elementor-widget-text-editor\" data-id=\"4b40568\" data-element_type=\"widget\" data-e-type=\"widget\" data-widget_type=\"text-editor.default\">\n\t\t\t\t<div class=\"elementor-widget-container\">\n\t\t\t\t\t\t\t\t\t<p>Michael Ruthrof \u2013 CEO red-ant<\/p>\t\t\t\t\t\t\t\t<\/div>\n\t\t\t\t<\/div>\n\t\t\t\t\t<\/div>\n\t\t<\/div>\n\t\t\t\t\t<\/div>\n\t\t<\/section>\n\t\t\t\t<section class=\"elementor-section elementor-top-section elementor-element elementor-element-114d394 elementor-section-content-middle elementor-section-boxed elementor-section-height-default elementor-section-height-default\" data-id=\"114d394\" data-element_type=\"section\" data-e-type=\"section\" data-settings=\"{&quot;background_background&quot;:&quot;classic&quot;}\">\n\t\t\t\t\t\t<div class=\"elementor-container elementor-column-gap-default\">\n\t\t\t\t\t<div class=\"elementor-column elementor-col-50 elementor-top-column elementor-element elementor-element-dcd0307\" data-id=\"dcd0307\" data-element_type=\"column\" data-e-type=\"column\">\n\t\t\t<div class=\"elementor-widget-wrap elementor-element-populated\">\n\t\t\t\t\t\t<div class=\"elementor-element elementor-element-dd8c1d7 elementor-widget elementor-widget-text-editor\" data-id=\"dd8c1d7\" data-element_type=\"widget\" data-e-type=\"widget\" data-widget_type=\"text-editor.default\">\n\t\t\t\t<div class=\"elementor-widget-container\">\n\t\t\t\t\t\t\t\t\t<p>To develop a new generation of innovative measurement systems, that was the vision of graduate engineers Michael Ruthrof (mechanical engineering) and Oliver Thost (electrical engineering) when they founded red-ant in 2004.<\/p>\n<p>They wanted to be among the best with their measuring systems for quality assurance in series production and for early failure detection in prototypes. Defining individual system solutions of highest quality that are precisely tailored to the respective customer needs \u2013 that was and is their goal.<\/p>\n<p>The founders also demonstrated their pronounced passion for perfection in terms of customer orientation when the red-ant competence centre started its service in 2011. Since then, highly qualified experts have been on hand to provide customers with competent help, 24\/7.<\/p>\n<p>In the meantime the start-up has become a globally active company with more than 180 customers and 600 sold systems.<\/p>\n<p>The success proves that red-ant is on the right track with its unconditional customer and service orientation. And with the highest resolution of all NVH-systems on the market, red-ant continues to be at the forefront of technology.<\/p>\t\t\t\t\t\t\t\t<\/div>\n\t\t\t\t<\/div>\n\t\t\t\t\t<\/div>\n\t\t<\/div>\n\t\t\t\t<div class=\"elementor-column elementor-col-50 elementor-top-column elementor-element elementor-element-f41c3b7\" data-id=\"f41c3b7\" data-element_type=\"column\" data-e-type=\"column\">\n\t\t\t<div class=\"elementor-widget-wrap elementor-element-populated\">\n\t\t\t\t\t\t<div class=\"elementor-element elementor-element-168005e elementor-widget elementor-widget-image\" data-id=\"168005e\" data-element_type=\"widget\" data-e-type=\"widget\" data-widget_type=\"image.default\">\n\t\t\t\t<div class=\"elementor-widget-container\">\n\t\t\t\t\t\t\t\t\t\t\t\t\t\t\t<img decoding=\"async\" width=\"646\" height=\"799\" src=\"https:\/\/red-ant.de\/wp-content\/uploads\/2021\/05\/GF-Portrait-formatiert.png\" class=\"attachment-medium_large size-medium_large wp-image-190\" alt=\"Michael Ruthrof - Ihr Ansprechpartner f\u00fcr Qualit\u00e4tssicherung und Schadensfr\u00fcherkennung\" srcset=\"https:\/\/red-ant.de\/wp-content\/uploads\/2021\/05\/GF-Portrait-formatiert.png 646w, https:\/\/red-ant.de\/wp-content\/uploads\/2021\/05\/GF-Portrait-formatiert-243x300.png 243w\" sizes=\"(max-width: 646px) 100vw, 646px\" \/>\t\t\t\t\t\t\t\t\t\t\t\t\t\t\t<\/div>\n\t\t\t\t<\/div>\n\t\t\t\t\t<\/div>\n\t\t<\/div>\n\t\t\t\t\t<\/div>\n\t\t<\/section>\n\t\t\t\t<\/div>","protected":false},"excerpt":{"rendered":"<p>Lesen Sie hier, wie KI auf dem Pr\u00fcfstand verwendet werden kann! Hier klicken &#8211; Aktuelles: Wir freuen uns, verk\u00fcnden zu d\u00fcrfen, dass uns das Patent zur Vorrichtung f\u00fcr die Schadenserkennung an einem selbstfahrenden Testfahrzeug erteilt worden ist. Erfahren Sie hier mehr \u00fcber den Anwendungsbereich Download Whitepaper F\u00fcr jedes Problem existiert eine L\u00f6sung. Wir m\u00fcssen nur [&hellip;]<\/p>\n","protected":false},"author":1,"featured_media":0,"parent":0,"menu_order":0,"comment_status":"closed","ping_status":"closed","template":"elementor_header_footer","meta":{"footnotes":""},"class_list":["post-31","page","type-page","status-publish","hentry"],"yoast_head":"<!-- This site is optimized with the Yoast SEO plugin v27.3 - https:\/\/yoast.com\/product\/yoast-seo-wordpress\/ -->\n<title>Unternehmen - red-ant<\/title>\n<meta name=\"robots\" content=\"index, follow, max-snippet:-1, max-image-preview:large, max-video-preview:-1\" \/>\n<link rel=\"canonical\" href=\"https:\/\/red-ant.de\/en\/unternehmen\/\" \/>\n<meta property=\"og:locale\" content=\"en_US\" \/>\n<meta property=\"og:type\" content=\"article\" \/>\n<meta property=\"og:title\" content=\"Unternehmen - red-ant\" \/>\n<meta property=\"og:description\" content=\"Lesen Sie hier, wie KI auf dem Pr\u00fcfstand verwendet werden kann! Hier klicken &#8211; Aktuelles: Wir freuen uns, verk\u00fcnden zu d\u00fcrfen, dass uns das Patent zur Vorrichtung f\u00fcr die Schadenserkennung an einem selbstfahrenden Testfahrzeug erteilt worden ist. Erfahren Sie hier mehr \u00fcber den Anwendungsbereich Download Whitepaper F\u00fcr jedes Problem existiert eine L\u00f6sung. Wir m\u00fcssen nur [&hellip;]\" \/>\n<meta property=\"og:url\" content=\"https:\/\/red-ant.de\/en\/unternehmen\/\" \/>\n<meta property=\"og:site_name\" content=\"red-ant\" \/>\n<meta property=\"article:modified_time\" content=\"2024-05-29T11:32:31+00:00\" \/>\n<meta property=\"og:image\" content=\"https:\/\/red-ant.de\/wp-content\/uploads\/2023\/07\/MicrosoftTeams-image-3-723x1024.jpg\" \/>\n<meta name=\"twitter:card\" content=\"summary_large_image\" \/>\n<meta name=\"twitter:label1\" content=\"Est. reading time\" \/>\n\t<meta name=\"twitter:data1\" content=\"2 minutes\" \/>\n<script type=\"application\/ld+json\" class=\"yoast-schema-graph\">{\"@context\":\"https:\\\/\\\/schema.org\",\"@graph\":[{\"@type\":\"WebPage\",\"@id\":\"https:\\\/\\\/red-ant.de\\\/unternehmen\\\/\",\"url\":\"https:\\\/\\\/red-ant.de\\\/unternehmen\\\/\",\"name\":\"Unternehmen - red-ant\",\"isPartOf\":{\"@id\":\"https:\\\/\\\/red-ant.de\\\/#website\"},\"primaryImageOfPage\":{\"@id\":\"https:\\\/\\\/red-ant.de\\\/unternehmen\\\/#primaryimage\"},\"image\":{\"@id\":\"https:\\\/\\\/red-ant.de\\\/unternehmen\\\/#primaryimage\"},\"thumbnailUrl\":\"https:\\\/\\\/red-ant.de\\\/wp-content\\\/uploads\\\/2023\\\/07\\\/MicrosoftTeams-image-3-723x1024.jpg\",\"datePublished\":\"2021-05-03T05:43:19+00:00\",\"dateModified\":\"2024-05-29T11:32:31+00:00\",\"breadcrumb\":{\"@id\":\"https:\\\/\\\/red-ant.de\\\/unternehmen\\\/#breadcrumb\"},\"inLanguage\":\"en-US\",\"potentialAction\":[{\"@type\":\"ReadAction\",\"target\":[\"https:\\\/\\\/red-ant.de\\\/unternehmen\\\/\"]}]},{\"@type\":\"ImageObject\",\"inLanguage\":\"en-US\",\"@id\":\"https:\\\/\\\/red-ant.de\\\/unternehmen\\\/#primaryimage\",\"url\":\"https:\\\/\\\/red-ant.de\\\/wp-content\\\/uploads\\\/2023\\\/07\\\/MicrosoftTeams-image-3-723x1024.jpg\",\"contentUrl\":\"https:\\\/\\\/red-ant.de\\\/wp-content\\\/uploads\\\/2023\\\/07\\\/MicrosoftTeams-image-3-723x1024.jpg\"},{\"@type\":\"BreadcrumbList\",\"@id\":\"https:\\\/\\\/red-ant.de\\\/unternehmen\\\/#breadcrumb\",\"itemListElement\":[{\"@type\":\"ListItem\",\"position\":1,\"name\":\"Startseite\",\"item\":\"https:\\\/\\\/red-ant.de\\\/\"},{\"@type\":\"ListItem\",\"position\":2,\"name\":\"Unternehmen\"}]},{\"@type\":\"WebSite\",\"@id\":\"https:\\\/\\\/red-ant.de\\\/#website\",\"url\":\"https:\\\/\\\/red-ant.de\\\/\",\"name\":\"red-ant\",\"description\":\"Measurement Technologies and Services\",\"publisher\":{\"@id\":\"https:\\\/\\\/red-ant.de\\\/#organization\"},\"potentialAction\":[{\"@type\":\"SearchAction\",\"target\":{\"@type\":\"EntryPoint\",\"urlTemplate\":\"https:\\\/\\\/red-ant.de\\\/?s={search_term_string}\"},\"query-input\":{\"@type\":\"PropertyValueSpecification\",\"valueRequired\":true,\"valueName\":\"search_term_string\"}}],\"inLanguage\":\"en-US\"},{\"@type\":\"Organization\",\"@id\":\"https:\\\/\\\/red-ant.de\\\/#organization\",\"name\":\"red-ant\",\"url\":\"https:\\\/\\\/red-ant.de\\\/\",\"logo\":{\"@type\":\"ImageObject\",\"inLanguage\":\"en-US\",\"@id\":\"https:\\\/\\\/red-ant.de\\\/#\\\/schema\\\/logo\\\/image\\\/\",\"url\":\"https:\\\/\\\/red-ant.de\\\/wp-content\\\/uploads\\\/2021\\\/04\\\/cropped-Logo-weiss.png\",\"contentUrl\":\"https:\\\/\\\/red-ant.de\\\/wp-content\\\/uploads\\\/2021\\\/04\\\/cropped-Logo-weiss.png\",\"width\":1172,\"height\":254,\"caption\":\"red-ant\"},\"image\":{\"@id\":\"https:\\\/\\\/red-ant.de\\\/#\\\/schema\\\/logo\\\/image\\\/\"}}]}<\/script>\n<!-- \/ Yoast SEO plugin. -->","yoast_head_json":{"title":"Unternehmen - red-ant","robots":{"index":"index","follow":"follow","max-snippet":"max-snippet:-1","max-image-preview":"max-image-preview:large","max-video-preview":"max-video-preview:-1"},"canonical":"https:\/\/red-ant.de\/en\/unternehmen\/","og_locale":"en_US","og_type":"article","og_title":"Unternehmen - red-ant","og_description":"Lesen Sie hier, wie KI auf dem Pr\u00fcfstand verwendet werden kann! Hier klicken &#8211; Aktuelles: Wir freuen uns, verk\u00fcnden zu d\u00fcrfen, dass uns das Patent zur Vorrichtung f\u00fcr die Schadenserkennung an einem selbstfahrenden Testfahrzeug erteilt worden ist. Erfahren Sie hier mehr \u00fcber den Anwendungsbereich Download Whitepaper F\u00fcr jedes Problem existiert eine L\u00f6sung. Wir m\u00fcssen nur [&hellip;]","og_url":"https:\/\/red-ant.de\/en\/unternehmen\/","og_site_name":"red-ant","article_modified_time":"2024-05-29T11:32:31+00:00","og_image":[{"url":"https:\/\/red-ant.de\/wp-content\/uploads\/2023\/07\/MicrosoftTeams-image-3-723x1024.jpg","type":"","width":"","height":""}],"twitter_card":"summary_large_image","twitter_misc":{"Est. reading time":"2 minutes"},"schema":{"@context":"https:\/\/schema.org","@graph":[{"@type":"WebPage","@id":"https:\/\/red-ant.de\/unternehmen\/","url":"https:\/\/red-ant.de\/unternehmen\/","name":"Unternehmen - red-ant","isPartOf":{"@id":"https:\/\/red-ant.de\/#website"},"primaryImageOfPage":{"@id":"https:\/\/red-ant.de\/unternehmen\/#primaryimage"},"image":{"@id":"https:\/\/red-ant.de\/unternehmen\/#primaryimage"},"thumbnailUrl":"https:\/\/red-ant.de\/wp-content\/uploads\/2023\/07\/MicrosoftTeams-image-3-723x1024.jpg","datePublished":"2021-05-03T05:43:19+00:00","dateModified":"2024-05-29T11:32:31+00:00","breadcrumb":{"@id":"https:\/\/red-ant.de\/unternehmen\/#breadcrumb"},"inLanguage":"en-US","potentialAction":[{"@type":"ReadAction","target":["https:\/\/red-ant.de\/unternehmen\/"]}]},{"@type":"ImageObject","inLanguage":"en-US","@id":"https:\/\/red-ant.de\/unternehmen\/#primaryimage","url":"https:\/\/red-ant.de\/wp-content\/uploads\/2023\/07\/MicrosoftTeams-image-3-723x1024.jpg","contentUrl":"https:\/\/red-ant.de\/wp-content\/uploads\/2023\/07\/MicrosoftTeams-image-3-723x1024.jpg"},{"@type":"BreadcrumbList","@id":"https:\/\/red-ant.de\/unternehmen\/#breadcrumb","itemListElement":[{"@type":"ListItem","position":1,"name":"Startseite","item":"https:\/\/red-ant.de\/"},{"@type":"ListItem","position":2,"name":"Unternehmen"}]},{"@type":"WebSite","@id":"https:\/\/red-ant.de\/#website","url":"https:\/\/red-ant.de\/","name":"red-ant","description":"Measurement Technologies and Services","publisher":{"@id":"https:\/\/red-ant.de\/#organization"},"potentialAction":[{"@type":"SearchAction","target":{"@type":"EntryPoint","urlTemplate":"https:\/\/red-ant.de\/?s={search_term_string}"},"query-input":{"@type":"PropertyValueSpecification","valueRequired":true,"valueName":"search_term_string"}}],"inLanguage":"en-US"},{"@type":"Organization","@id":"https:\/\/red-ant.de\/#organization","name":"red-ant","url":"https:\/\/red-ant.de\/","logo":{"@type":"ImageObject","inLanguage":"en-US","@id":"https:\/\/red-ant.de\/#\/schema\/logo\/image\/","url":"https:\/\/red-ant.de\/wp-content\/uploads\/2021\/04\/cropped-Logo-weiss.png","contentUrl":"https:\/\/red-ant.de\/wp-content\/uploads\/2021\/04\/cropped-Logo-weiss.png","width":1172,"height":254,"caption":"red-ant"},"image":{"@id":"https:\/\/red-ant.de\/#\/schema\/logo\/image\/"}}]}},"_links":{"self":[{"href":"https:\/\/red-ant.de\/en\/wp-json\/wp\/v2\/pages\/31","targetHints":{"allow":["GET"]}}],"collection":[{"href":"https:\/\/red-ant.de\/en\/wp-json\/wp\/v2\/pages"}],"about":[{"href":"https:\/\/red-ant.de\/en\/wp-json\/wp\/v2\/types\/page"}],"author":[{"embeddable":true,"href":"https:\/\/red-ant.de\/en\/wp-json\/wp\/v2\/users\/1"}],"replies":[{"embeddable":true,"href":"https:\/\/red-ant.de\/en\/wp-json\/wp\/v2\/comments?post=31"}],"version-history":[{"count":52,"href":"https:\/\/red-ant.de\/en\/wp-json\/wp\/v2\/pages\/31\/revisions"}],"predecessor-version":[{"id":1031,"href":"https:\/\/red-ant.de\/en\/wp-json\/wp\/v2\/pages\/31\/revisions\/1031"}],"wp:attachment":[{"href":"https:\/\/red-ant.de\/en\/wp-json\/wp\/v2\/media?parent=31"}],"curies":[{"name":"wp","href":"https:\/\/api.w.org\/{rel}","templated":true}]}}